{"id":570,"date":"2023-12-15T08:38:08","date_gmt":"2023-12-15T11:38:08","guid":{"rendered":"https:\/\/roteiroscariocas.com.br\/?page_id=570"},"modified":"2023-12-15T17:34:19","modified_gmt":"2023-12-15T20:34:19","slug":"sobre-nos","status":"publish","type":"page","link":"https:\/\/roteiroscariocas.com.br\/index.php\/sobre-nos\/","title":{"rendered":"Descubra o Rio de Janeiro com a gente!"},"content":{"rendered":"\n<p><strong>Descubra o Rio de Janeiro com Estilo: Roteiros Cariocas na \u00c1rea! \ud83c\udf34\ud83c\udf89<\/strong><\/p>\n\n\n\n<figure class=\"wp-block-video\"><video controls loop src=\"https:\/\/roteiroscariocas.com.br\/wp-content\/uploads\/2023\/12\/rio.mp4\" playsinline><\/video><\/figure>\n\n\n\n<p>E a\u00ed, galera ligada em experi\u00eancias incr\u00edveis no Rio de Janeiro! Se voc\u00ea curte vibes cariocas e est\u00e1 afim de saber o que t\u00e1 pegando de melhor pela Cidade Maravilhosa, chegou a hora de se ligar no Roteiros Cariocas. Aqui \u00e9 o point onde tudo acontece, e a parada da vez \u00e9 o Carnaval \u2013 o maior espet\u00e1culo da terra!<\/p>\n\n\n\n<p><strong>Curti\u00e7\u00e3o 100% Garantida no Carnaval Carioca! \ud83c\udfad\ud83c\udf89<\/strong> Prepara o glitter e coloca aquela fantasia porque o Carnaval est\u00e1 chegando com tudo! No Roteiros Cariocas, a gente preparou o guia definitivo para voc\u00ea n\u00e3o perder nenhum bloco, desfile ou fest\u00e3o top. Seja voc\u00ea um foli\u00e3o raiz ou s\u00f3 querendo entrar na vibe, aqui tem tudo que voc\u00ea precisa para bombar no Carnaval carioca. Vem com a gente nessa folia!<\/p>\n\n\n\n<p><strong>Rolezinho pelos Melhores Lugares do Rio! \ud83c\udfd6\ufe0f\ud83c\udf79<\/strong> Mas \u00f3, o Roteiros Cariocas n\u00e3o \u00e9 s\u00f3 Carnaval, n\u00e3o! A gente t\u00e1 sempre desbravando os picos mais irados da cidade. Dos points tur\u00edsticos cl\u00e1ssicos at\u00e9 os rol\u00eas secretos, nossos roteiros s\u00e3o naquele esquema descolado, feitos sob medida pra galera que quer explorar o Rio de Janeiro de um jeito \u00fanico. Vem com a gente descobrir o inexplorado e curtir o Rio na vibe certa!<\/p>\n\n\n\n<p>Chega mais e bora desbravar o Rio com muito estilo junto com o Roteiros Cariocas. Aqui, a divers\u00e3o \u00e9 garantida e a boa energia n\u00e3o tem fim! \ud83c\udf1f\ud83d\ude80<\/p>\n","protected":false},"excerpt":{"rendered":"<p>Descubra o Rio de Janeiro com Estilo: Roteiros Cariocas na \u00c1rea! \ud83c\udf34\ud83c\udf89 E a\u00ed, galera ligada em experi\u00eancias incr\u00edveis no<\/p>\n","protected":false},"author":1,"featured_media":0,"parent":0,"menu_order":0,"comment_status":"closed","ping_status":"closed","template":"","meta":{"colormag_page_container_layout":"no_sidebar_full_width","colormag_page_sidebar_layout":"no_sidebar","ngg_post_thumbnail":0,"footnotes":""},"class_list":["post-570","page","type-page","status-publish","hentry"],"_links":{"self":[{"href":"https:\/\/roteiroscariocas.com.br\/index.php\/wp-json\/wp\/v2\/pages\/570","targetHints":{"allow":["GET"]}}],"collection":[{"href":"https:\/\/roteiroscariocas.com.br\/index.php\/wp-json\/wp\/v2\/pages"}],"about":[{"href":"https:\/\/roteiroscariocas.com.br\/index.php\/wp-json\/wp\/v2\/types\/page"}],"author":[{"embeddable":true,"href":"https:\/\/roteiroscariocas.com.br\/index.php\/wp-json\/wp\/v2\/users\/1"}],"replies":[{"embeddable":true,"href":"https:\/\/roteiroscariocas.com.br\/index.php\/wp-json\/wp\/v2\/comments?post=570"}],"version-history":[{"count":6,"href":"https:\/\/roteiroscariocas.com.br\/index.php\/wp-json\/wp\/v2\/pages\/570\/revisions"}],"predecessor-version":[{"id":659,"href":"https:\/\/roteiroscariocas.com.br\/index.php\/wp-json\/wp\/v2\/pages\/570\/revisions\/659"}],"wp:attachment":[{"href":"https:\/\/roteiroscariocas.com.br\/index.php\/wp-json\/wp\/v2\/media?parent=570"}],"curies":[{"name":"wp","href":"https:\/\/api.w.org\/{rel}","templated":true}]}}